{"id":7660,"date":"2017-12-12T15:48:16","date_gmt":"2017-12-12T14:48:16","guid":{"rendered":"https:\/\/rubrails-tessilmare.com\/pare-battages-de-bateau\/"},"modified":"2025-05-29T16:08:12","modified_gmt":"2025-05-29T14:08:12","slug":"pare-battage-de-bateau","status":"publish","type":"page","link":"https:\/\/staging.rubrails-tessilmare.com\/fr\/pare-battage-de-bateau\/","title":{"rendered":"Pare-battage de bateau"},"content":{"rendered":"\n<style type=\"text\/css\" data-created_by=\"avia_inline_auto\" id=\"style-css-av-2ka8qo-d790a0f0229c59c3be65be5b89a8827a\">\n.flex_column.av-2ka8qo-d790a0f0229c59c3be65be5b89a8827a{\nborder-radius:0px 0px 0px 0px;\npadding:0px 0px 0px 0px;\n}\n<\/style>\n<div  class='flex_column av-2ka8qo-d790a0f0229c59c3be65be5b89a8827a av_one_full  avia-builder-el-0  el_before_av_hr  avia-builder-el-first  first flex_column_div av-zero-column-padding  '     ><p>\n<style type=\"text\/css\" data-created_by=\"avia_inline_auto\" id=\"style-css-av-nvjrqo-97582f6c93f349f052fb094b11d36b6a\">\n#top .av-special-heading.av-nvjrqo-97582f6c93f349f052fb094b11d36b6a{\npadding-bottom:0;\n}\nbody .av-special-heading.av-nvjrqo-97582f6c93f349f052fb094b11d36b6a .av-special-heading-tag .heading-char{\nfont-size:25px;\n}\n.av-special-heading.av-nvjrqo-97582f6c93f349f052fb094b11d36b6a .av-subheading{\nfont-size:15px;\n}\n<\/style>\n<div  class='av-special-heading av-nvjrqo-97582f6c93f349f052fb094b11d36b6a av-special-heading-h1 blockquote modern-quote modern-centered  avia-builder-el-1  el_before_av_heading  avia-builder-el-first '><h1 class='av-special-heading-tag '  itemprop=\"headline\"  >GARDES-BATEAUX<\/h1><div class=\"special-heading-border\"><div class=\"special-heading-inner-border\"><\/div><\/div><\/div><br \/>\n\n<style type=\"text\/css\" data-created_by=\"avia_inline_auto\" id=\"style-css-av-m5gh28-88dc69f79a592f807df346308d1f8936\">\n#top .av-special-heading.av-m5gh28-88dc69f79a592f807df346308d1f8936{\npadding-bottom:0;\nfont-size:20px;\n}\nbody .av-special-heading.av-m5gh28-88dc69f79a592f807df346308d1f8936 .av-special-heading-tag .heading-char{\nfont-size:25px;\n}\n#top #wrap_all .av-special-heading.av-m5gh28-88dc69f79a592f807df346308d1f8936 .av-special-heading-tag{\nfont-size:20px;\n}\n.av-special-heading.av-m5gh28-88dc69f79a592f807df346308d1f8936 .av-subheading{\nfont-size:15px;\n}\n\n@media only screen and (min-width: 480px) and (max-width: 767px){ \n#top #wrap_all .av-special-heading.av-m5gh28-88dc69f79a592f807df346308d1f8936 .av-special-heading-tag{\nfont-size:0.8em;\n}\n}\n\n@media only screen and (max-width: 479px){ \n#top #wrap_all .av-special-heading.av-m5gh28-88dc69f79a592f807df346308d1f8936 .av-special-heading-tag{\nfont-size:0.8em;\n}\n}\n<\/style>\n<div  class='av-special-heading av-m5gh28-88dc69f79a592f807df346308d1f8936 av-special-heading-h2 blockquote modern-quote modern-centered  avia-builder-el-2  el_after_av_heading  el_before_av_hr  av-inherit-size'><h2 class='av-special-heading-tag '  itemprop=\"headline\"  >INNOVATION ET EXCELLENCE POUR VOTRE BATEAU<\/h2><div class=\"special-heading-border\"><div class=\"special-heading-inner-border\"><\/div><\/div><\/div><br \/>\n\n<style type=\"text\/css\" data-created_by=\"avia_inline_auto\" id=\"style-css-av-kr67b4-cb408f90d5578e1735b094f01b37abf8\">\n#top .hr.av-kr67b4-cb408f90d5578e1735b094f01b37abf8{\nmargin-top:5px;\nmargin-bottom:10px;\n}\n.hr.av-kr67b4-cb408f90d5578e1735b094f01b37abf8 .hr-inner{\nwidth:7%;\nborder-color:#15354e;\n}\n<\/style>\n<div  class='hr av-kr67b4-cb408f90d5578e1735b094f01b37abf8 hr-custom  avia-builder-el-3  el_after_av_heading  el_before_av_textblock  hr-center hr-icon-no'><span class='hr-inner inner-border-av-border-fat'><span class=\"hr-inner-style\"><\/span><\/span><\/div><br \/>\n<section  class='av_textblock_section av-iik400-1aaa385e181ffa2d0b2d948167ba50f3 '   itemscope=\"itemscope\" itemtype=\"https:\/\/schema.org\/CreativeWork\" ><div class='avia_textblock'  itemprop=\"text\" ><div id=\"attachment_332\" style=\"width: 310px\" class=\"wp-caption alignright\"><a href=\"https:\/\/staging.rubrails-tessilmare.com\/fr\/barre-en-acier-inoxydable-316l-sphaera-65\/\"><img decoding=\"async\" aria-describedby=\"caption-attachment-332\" class=\"wp-image-332 size-medium lazyload\" title=\"SPHAERA SLIM 65 W - Top quality boat fenders\" data-src=\"https:\/\/staging.rubrails-tessilmare.com\/wp-content\/uploads\/2017\/07\/SPHAERA_SLIM65W-300x300.jpg\" alt=\"SPHAERA SLIM 65 W - Top quality boat fenders\" width=\"300\" height=\"300\" data-srcset=\"https:\/\/staging.rubrails-tessilmare.com\/wp-content\/uploads\/2017\/07\/SPHAERA_SLIM65W-300x300.jpg 300w, https:\/\/staging.rubrails-tessilmare.com\/wp-content\/uploads\/2017\/07\/SPHAERA_SLIM65W-80x80.jpg 80w, https:\/\/staging.rubrails-tessilmare.com\/wp-content\/uploads\/2017\/07\/SPHAERA_SLIM65W-768x768.jpg 768w, https:\/\/staging.rubrails-tessilmare.com\/wp-content\/uploads\/2017\/07\/SPHAERA_SLIM65W-36x36.jpg 36w, https:\/\/staging.rubrails-tessilmare.com\/wp-content\/uploads\/2017\/07\/SPHAERA_SLIM65W-180x180.jpg 180w, https:\/\/staging.rubrails-tessilmare.com\/wp-content\/uploads\/2017\/07\/SPHAERA_SLIM65W-705x705.jpg 705w, https:\/\/staging.rubrails-tessilmare.com\/wp-content\/uploads\/2017\/07\/SPHAERA_SLIM65W-120x120.jpg 120w, https:\/\/staging.rubrails-tessilmare.com\/wp-content\/uploads\/2017\/07\/SPHAERA_SLIM65W-450x450.jpg 450w, https:\/\/staging.rubrails-tessilmare.com\/wp-content\/uploads\/2017\/07\/SPHAERA_SLIM65W.jpg 1000w\" data-sizes=\"(max-width: 300px) 100vw, 300px\" src=\"data:image\/gif;base64,R0lGODlhAQABAAAAACH5BAEKAAEALAAAAAABAAEAAAICTAEAOw==\" style=\"--smush-placeholder-width: 300px; --smush-placeholder-aspect-ratio: 300\/300;\" \/><noscript><img decoding=\"async\" aria-describedby=\"caption-attachment-332\" class=\"wp-image-332 size-medium\" title=\"SPHAERA SLIM 65 W - Top quality boat fenders\" src=\"https:\/\/staging.rubrails-tessilmare.com\/wp-content\/uploads\/2017\/07\/SPHAERA_SLIM65W-300x300.jpg\" alt=\"SPHAERA SLIM 65 W - Top quality boat fenders\" width=\"300\" height=\"300\" srcset=\"https:\/\/staging.rubrails-tessilmare.com\/wp-content\/uploads\/2017\/07\/SPHAERA_SLIM65W-300x300.jpg 300w, https:\/\/staging.rubrails-tessilmare.com\/wp-content\/uploads\/2017\/07\/SPHAERA_SLIM65W-80x80.jpg 80w, https:\/\/staging.rubrails-tessilmare.com\/wp-content\/uploads\/2017\/07\/SPHAERA_SLIM65W-768x768.jpg 768w, https:\/\/staging.rubrails-tessilmare.com\/wp-content\/uploads\/2017\/07\/SPHAERA_SLIM65W-36x36.jpg 36w, https:\/\/staging.rubrails-tessilmare.com\/wp-content\/uploads\/2017\/07\/SPHAERA_SLIM65W-180x180.jpg 180w, https:\/\/staging.rubrails-tessilmare.com\/wp-content\/uploads\/2017\/07\/SPHAERA_SLIM65W-705x705.jpg 705w, https:\/\/staging.rubrails-tessilmare.com\/wp-content\/uploads\/2017\/07\/SPHAERA_SLIM65W-120x120.jpg 120w, https:\/\/staging.rubrails-tessilmare.com\/wp-content\/uploads\/2017\/07\/SPHAERA_SLIM65W-450x450.jpg 450w, https:\/\/staging.rubrails-tessilmare.com\/wp-content\/uploads\/2017\/07\/SPHAERA_SLIM65W.jpg 1000w\" sizes=\"(max-width: 300px) 100vw, 300px\" \/><\/noscript><\/a><p id=\"caption-attachment-332\" class=\"wp-caption-text\">SPHAERA SLIM &#8211; D\u00e9fenses de bateau de haute qualit\u00e9<\/p><\/div>\n<p style=\"text-align: center;\"><a class=\"CTAModels\" style=\"background-color: #15354e; color: white; padding: 5px; font-weight: bold;\" href=\"#av-masonry-1\">VOIR TOUTES LES D\u00c9FENSES DE BATEAU<\/a><\/p>\n<p>Fournissant la protection n\u00e9cessaire <strong>des quais<\/strong> et <strong>d\u2019autres bateaux<\/strong>, une <strong>d\u00e9fense de bateau<\/strong> est un outil essentiel dans le monde nautique, pour chaque bateau ou yacht. Une taille adapt\u00e9e, proportionnelle \u00e0 la taille et au poids de votre bateau, garantira une <strong>protection compl\u00e8te<\/strong> ainsi qu\u2019une <strong>bonne \u00e9tanch\u00e9it\u00e9<\/strong> de la coque-pont.<\/p>\n<p>Tessilmare, reconnue mondialement pour sa sp\u00e9cialisation dans les accessoires nautiques et leader dans la conception des listons para-battage pour bateaux, fournit des <strong>d\u00e9fenses de bateau<\/strong> de <strong>haute qualit\u00e9<\/strong>, qui se distinguent par leur <strong>innovation et efficacit\u00e9 extraordinaires<\/strong>. Tessilmare propose une large gamme de profils de d\u00e9fenses pour tout mod\u00e8le de bateau et besoin ; certains mod\u00e8les sont fournis en deux versions &#8211; avec ou sans l\u00e8vre \u2013 et sont disponibles en diff\u00e9rentes tailles.<\/p>\n<h3>5 brevets internationaux<\/h3>\n<p>Les listons para-battage pour bateaux Tessilmare sont couverts par <strong>cinq brevets internationaux diff\u00e9rents<\/strong>. Gr\u00e2ce \u00e0 leur innovation et leur installation facile, ils sont reconnus dans le monde entier comme l\u2019excellence dans le domaine nautique.<\/p>\n<p>Tessilmare est une entreprise de premier plan gr\u00e2ce \u00e0 la production d\u2019articles tels que <strong><a title=\"Top quality boat fenders Sphaera\" href=\"https:\/\/staging.rubrails-tessilmare.com\/fr\/listons-para-battage\/sphaera-liston-para-battage\/\">SPHAERA<\/a><\/strong>, le profil de d\u00e9fense le plus innovant, l\u00e9ger et facile \u00e0 plier ; <strong><a title=\"Boat fenders Radial\" href=\"https:\/\/staging.rubrails-tessilmare.com\/fr\/listons-para-battage\/radial-liston-para-battage\/\">RADIAL<\/a><\/strong>, un liston para-battageen PVC sans \u00e9gal qui peut \u00eatre install\u00e9 \u00e0 froid en quelques \u00e9tapes rapides ; <strong>BUMPER <\/strong>et<strong> BINO<\/strong>, l\u00e9gers mais r\u00e9sistants, particuli\u00e8rement adapt\u00e9s aux bateaux militaires et commerciaux. Le dernier produit, tout juste lanc\u00e9, est <strong>BINOX<\/strong>, le premier profil de d\u00e9fense en acier inoxydable, qui peut \u00eatre fix\u00e9 par pression directement sur la base en PVC sans vis.<\/p>\n<h3>Pourquoi choisir <a title=\"Tessilmare\" href=\"https:\/\/www.tessilmare.com\/en\/\" target=\"_blank\" rel=\"noopener\"><strong>Tessilmare<\/strong><\/a> pour votre bateau<\/h3>\n<p>Avec 70 ans d\u2019activit\u00e9 sur le march\u00e9 des profils de d\u00e9fenses de bateau, Tessilmare garantit une qualit\u00e9 et une fiabilit\u00e9 excellentes, avec des <strong>technologies et mat\u00e9riaux de pointe<\/strong>, offrant une garantie \u00e0 vie contre les d\u00e9fauts de fabrication et de mat\u00e9riaux sur tous les produits.<\/p>\n<p>Fabriqu\u00e9es en PVC et acier inoxydable, les d\u00e9fenses de bateau Tessilmare sont <strong>enti\u00e8rement con\u00e7ues et fabriqu\u00e9es en Italie<\/strong>. Tous les produits peuvent \u00eatre vendus en ligne et exp\u00e9di\u00e9s dans le monde entier gr\u00e2ce \u00e0 la boutique en ligne Tessilmare.<\/p>\n<\/div><\/section><\/p><\/div>\n<style type=\"text\/css\" data-created_by=\"avia_inline_auto\" id=\"style-css-av-i0pyps-4863a3e7605e6d42e27133676363f746\">\n#top .hr.hr-invisible.av-i0pyps-4863a3e7605e6d42e27133676363f746{\nheight:5px;\n}\n<\/style>\n<div  class='hr av-i0pyps-4863a3e7605e6d42e27133676363f746 hr-invisible  avia-builder-el-5  el_after_av_one_full  el_before_av_one_full '><span class='hr-inner '><span class=\"hr-inner-style\"><\/span><\/span><\/div><\/p>\n\n<style type=\"text\/css\" data-created_by=\"avia_inline_auto\" id=\"style-css-av-frr0g0-e212cd0a5dcade41d3bda63fc8db9893\">\n.flex_column.av-frr0g0-e212cd0a5dcade41d3bda63fc8db9893{\nborder-radius:0px 0px 0px 0px;\npadding:0px 0px 0px 0px;\n}\n<\/style>\n<div  class='flex_column av-frr0g0-e212cd0a5dcade41d3bda63fc8db9893 av_one_full  avia-builder-el-6  el_after_av_hr  el_before_av_hr  first flex_column_div av-zero-column-padding  '     ><div id='av-masonry-1' class='av-masonry av-dfutlc-a0c9a6d3d8a694fc7b1dfb5c8083fc11 noHover av-fixed-size av-1px-gap av-hover-overlay-active av-masonry-animation-active av-masonry-col-3 av-caption-on-hover av-caption-style-overlay av-masonry-gallery av-medium-columns-overwrite av-medium-columns-3 av-orientation-square ' data-post_id=\"7660\"><div class=\"av-masonry-container isotope av-js-disabled\"><div class='av-masonry-entry isotope-item av-masonry-item-no-image '><\/div><a href=\"https:\/\/staging.rubrails-tessilmare.com\/fr\/barre-en-acier-inoxydable-316l-sphaera-50\/\" aria-label=\"image SPHAERA_50\" id=\"av-masonry-1-item-6801\" data-av-masonry-item=\"6801\" class=\"av-masonry-entry isotope-item post-6801 attachment type-attachment status-inherit hentry  av-masonry-item-with-image\" title=\"SPHAERA_50\" alt=\"\" data-av-masonry-custom-link=\"https:\/\/staging.rubrails-tessilmare.com\/fr\/barre-en-acier-inoxydable-316l-sphaera-50\/\" itemprop=\"thumbnailUrl\"><div class='av-inner-masonry-sizer'><\/div><figure class='av-inner-masonry main_color'><div class=\"av-masonry-outerimage-container\"><div class='av-masonry-image-container lazyload' style=\"background-image:inherit;\"  title=\"SPHAERA_50\"  data-bg-image=\"url(https:\/\/staging.rubrails-tessilmare.com\/wp-content\/uploads\/2017\/07\/SPHAERA_50-705x705.jpg)\"><\/div><\/div><figcaption class='av-inner-masonry-content site-background'><div class='av-inner-masonry-content-pos'><div class='av-inner-masonry-content-pos-content'><div class='avia-arrow'><\/div><div class='av-masonry-entry-content entry-content'  itemprop=\"text\" >SPHAERA STAINLESS STEEL 316L BAR 50<\/div><\/div><\/div><\/figcaption><\/figure><\/a><!--end av-masonry entry--><a href=\"https:\/\/staging.rubrails-tessilmare.com\/fr\/barre-en-acier-inoxydable-316l-sphaera-65\/\" aria-label=\"image Boat Bumpers SPHAERA 65\" id=\"av-masonry-1-item-6794\" data-av-masonry-item=\"6794\" class=\"av-masonry-entry isotope-item post-6794 attachment type-attachment status-inherit hentry  av-masonry-item-with-image\" title=\"Boat Bumpers SPHAERA 65\" alt=\"\" data-av-masonry-custom-link=\"https:\/\/staging.rubrails-tessilmare.com\/fr\/barre-en-acier-inoxydable-316l-sphaera-65\/\" itemprop=\"thumbnailUrl\"><div class='av-inner-masonry-sizer'><\/div><figure class='av-inner-masonry main_color'><div class=\"av-masonry-outerimage-container\"><div class='av-masonry-image-container lazyload' style=\"background-image:inherit;\"  title=\"Boat Bumpers SPHAERA 65\"  data-bg-image=\"url(https:\/\/staging.rubrails-tessilmare.com\/wp-content\/uploads\/2017\/07\/SPHAERA_65-705x705.jpg)\"><\/div><\/div><figcaption class='av-inner-masonry-content site-background'><div class='av-inner-masonry-content-pos'><div class='av-inner-masonry-content-pos-content'><div class='avia-arrow'><\/div><div class='av-masonry-entry-content entry-content'  itemprop=\"text\" >SPHAERA STAINLESS STEEL 316L BAR 65<\/div><\/div><\/div><\/figcaption><\/figure><\/a><!--end av-masonry entry--><\/div><\/div><\/div>\n<div  class='hr av-cg3ba8-ecba71064fc6216578638b521ed5ff5f hr-default  avia-builder-el-8  el_after_av_one_full  el_before_av_one_full '><span class='hr-inner '><span class=\"hr-inner-style\"><\/span><\/span><\/div>\n\n<style type=\"text\/css\" data-created_by=\"avia_inline_auto\" id=\"style-css-av-b3zhls-9f16d7130b8d5e93e3fc776207940d72\">\n.flex_column.av-b3zhls-9f16d7130b8d5e93e3fc776207940d72{\nborder-radius:0px 0px 0px 0px;\npadding:20px 20px 20px 20px;\nbackground-color:#efeff0;\n}\n<\/style>\n<div  class='flex_column av-b3zhls-9f16d7130b8d5e93e3fc776207940d72 av_one_full  avia-builder-el-9  el_after_av_hr  el_before_av_hr  first flex_column_div  '     ><\/div>\n<div  class='hr av-7gw9mo-ad16eec21a1a0beeb45ddcd5208ddcaa hr-default  avia-builder-el-11  el_after_av_one_full  el_before_av_one_full '><span class='hr-inner '><span class=\"hr-inner-style\"><\/span><\/span><\/div>\n\n<style type=\"text\/css\" data-created_by=\"avia_inline_auto\" id=\"style-css-av-l4iio-fc4316521565893d6cadd540d65a7d3f\">\n.flex_column.av-l4iio-fc4316521565893d6cadd540d65a7d3f{\nborder-radius:0px 0px 0px 0px;\n}\n<\/style>\n<div  class='flex_column av-l4iio-fc4316521565893d6cadd540d65a7d3f av_one_full  avia-builder-el-12  el_after_av_hr  avia-builder-el-last  first flex_column_div  '     ><p>\n<style type=\"text\/css\" data-created_by=\"avia_inline_auto\" id=\"style-css-av-4kj700-4ce8cee519b553800658883922e3db0d\">\n#top .av-special-heading.av-4kj700-4ce8cee519b553800658883922e3db0d{\npadding-bottom:10px;\n}\nbody .av-special-heading.av-4kj700-4ce8cee519b553800658883922e3db0d .av-special-heading-tag .heading-char{\nfont-size:25px;\n}\n.av-special-heading.av-4kj700-4ce8cee519b553800658883922e3db0d .av-subheading{\nfont-size:15px;\n}\n<\/style>\n<div  class='av-special-heading av-4kj700-4ce8cee519b553800658883922e3db0d av-special-heading-h3 blockquote modern-quote  avia-builder-el-13  el_before_av_sidebar  avia-builder-el-first '><h3 class='av-special-heading-tag '  itemprop=\"headline\"  >Autre contenu sp\u00e9cial<\/h3><div class=\"special-heading-border\"><div class=\"special-heading-inner-border\"><\/div><\/div><\/div><br \/>\n<div  class='avia-builder-widget-area clearfix  avia-builder-el-14  el_after_av_heading  avia-builder-el-last '><section id=\"nav_menu-6\" class=\"widget clearfix widget_nav_menu\"><div class=\"menu-menu-pagine-tag-french-container\"><ul id=\"menu-menu-pagine-tag-french\" class=\"menu\"><li id=\"menu-item-9428\" class=\"menu-item menu-item-type-post_type menu-item-object-page menu-item-9428\"><a href=\"https:\/\/staging.rubrails-tessilmare.com\/fr\/kit-des-listons-para-battage\/\">Kit des Listons para-battage<\/a><\/li>\n<li id=\"menu-item-9429\" class=\"menu-item menu-item-type-post_type menu-item-object-page menu-item-9429\"><a href=\"https:\/\/staging.rubrails-tessilmare.com\/fr\/installation-de-liston-pare-battage\/\">Installation des listons pare-battage<\/a><\/li>\n<li id=\"menu-item-9430\" class=\"menu-item menu-item-type-post_type menu-item-object-page menu-item-9430\"><a href=\"https:\/\/staging.rubrails-tessilmare.com\/fr\/pare-chocs-de-quai-verticaux\/\">Pare-chocs de quai verticaux<\/a><\/li>\n<li id=\"menu-item-9431\" class=\"menu-item menu-item-type-post_type menu-item-object-page menu-item-9431\"><a href=\"https:\/\/staging.rubrails-tessilmare.com\/fr\/protecteur-detrave-de-bateau\/\">Protecteur d&rsquo;\u00e9trave de bateau<\/a><\/li>\n<li id=\"menu-item-9432\" class=\"menu-item menu-item-type-post_type menu-item-object-page menu-item-9432\"><a href=\"https:\/\/staging.rubrails-tessilmare.com\/fr\/pare-battage-de-bateau\/\">Pare-battage de bateau<\/a><\/li>\n<li id=\"menu-item-9433\" class=\"menu-item menu-item-type-post_type menu-item-object-page menu-item-9433\"><a href=\"https:\/\/staging.rubrails-tessilmare.com\/fr\/garde-corps-de-proue-de-bateau\/\">Garde-corps de proue de bateau<\/a><\/li>\n<li id=\"menu-item-9434\" class=\"menu-item menu-item-type-custom menu-item-object-custom menu-item-9434\"><a href=\"https:\/\/staging.rubrails-tessilmare.com\/dock-rubber-edging\/\">Dock Rubber Edging<\/a><\/li>\n<li id=\"menu-item-9435\" class=\"menu-item menu-item-type-post_type menu-item-object-page menu-item-9435\"><a href=\"https:\/\/staging.rubrails-tessilmare.com\/fr\/pare-chocs-de-quai-pour-bateau-en-caoutchouc\/\">Pare-chocs de quai pour bateau en caoutchouc<\/a><\/li>\n<li id=\"menu-item-9436\" class=\"menu-item menu-item-type-post_type menu-item-object-page menu-item-9436\"><a href=\"https:\/\/staging.rubrails-tessilmare.com\/fr\/rail-de-protection\/\">Profile de protection<\/a><\/li>\n<li id=\"menu-item-9437\" class=\"menu-item menu-item-type-post_type menu-item-object-page menu-item-9437\"><a href=\"https:\/\/staging.rubrails-tessilmare.com\/fr\/pare-chocs-de-quai-en-caoutchouc\/\">Pare-chocs de quai en caoutchouc<\/a><\/li>\n<li id=\"menu-item-9438\" class=\"menu-item menu-item-type-post_type menu-item-object-page menu-item-9438\"><a href=\"https:\/\/staging.rubrails-tessilmare.com\/fr\/pare-chocs-de-quai-pour-bateau-en-caoutchouc\/\">Pare-chocs de quai pour bateau en caoutchouc<\/a><\/li>\n<li id=\"menu-item-9439\" class=\"menu-item menu-item-type-post_type menu-item-object-page menu-item-9439\"><a href=\"https:\/\/staging.rubrails-tessilmare.com\/fr\/pare-chocs-de-bateau\/\">Pare-chocs de bateau<\/a><\/li>\n<li id=\"menu-item-9440\" class=\"menu-item menu-item-type-post_type menu-item-object-page menu-item-9440\"><a href=\"https:\/\/staging.rubrails-tessilmare.com\/fr\/butoirs-dock-edge\/\">Butoirs Dock Edge<\/a><\/li>\n<li id=\"menu-item-9441\" class=\"menu-item menu-item-type-post_type menu-item-object-page menu-item-9441\"><a href=\"https:\/\/staging.rubrails-tessilmare.com\/fr\/solutions-de-pare-chocs-pour-quais-de-bateaux\/\">Solutions de pare-chocs pour quais de bateaux<\/a><\/li>\n<li id=\"menu-item-9442\" class=\"menu-item menu-item-type-post_type menu-item-object-page menu-item-9442\"><a href=\"https:\/\/staging.rubrails-tessilmare.com\/fr\/rail-de-pare-chocs-de-bateau\/\">Profile de pare-chocs de bateau<\/a><\/li>\n<li id=\"menu-item-9443\" class=\"menu-item menu-item-type-post_type menu-item-object-page menu-item-9443\"><a href=\"https:\/\/staging.rubrails-tessilmare.com\/fr\/coins-damortisseurs-pour-quai-de-bateau\/\">Coins d&rsquo;amortisseurs pour quai de bateau<\/a><\/li>\n<li id=\"menu-item-9444\" class=\"menu-item menu-item-type-post_type menu-item-object-page menu-item-9444\"><a href=\"https:\/\/staging.rubrails-tessilmare.com\/fr\/pare-battage-marins\/\">Pare-battage marins<\/a><\/li>\n<li id=\"menu-item-9445\" class=\"menu-item menu-item-type-post_type menu-item-object-page menu-item-9445\"><a href=\"https:\/\/staging.rubrails-tessilmare.com\/fr\/rails-lateraux-de-bateau\/\">Rails lat\u00e9raux de bateau<\/a><\/li>\n<li id=\"menu-item-9467\" class=\"menu-item menu-item-type-post_type menu-item-object-page menu-item-9467\"><a href=\"https:\/\/staging.rubrails-tessilmare.com\/fr\/bord-du-quai\/\">Bord du quai<\/a><\/li>\n<li id=\"menu-item-9468\" class=\"menu-item menu-item-type-post_type menu-item-object-page menu-item-9468\"><a href=\"https:\/\/staging.rubrails-tessilmare.com\/fr\/bino-dock-rail-de-protection\/\">Bino-Dock Profile de Protection<\/a><\/li>\n<li id=\"menu-item-9469\" class=\"menu-item menu-item-type-post_type menu-item-object-page menu-item-9469\"><a href=\"https:\/\/staging.rubrails-tessilmare.com\/fr\/pare-chocs-pour-bateaux-en-caoutchouc\/\">Pare-chocs pour bateaux en caoutchouc<\/a><\/li>\n<\/ul><\/div><span class=\"seperator extralight-border\"><\/span><\/section><\/div><\/p><\/div>\n","protected":false},"excerpt":{"rendered":"","protected":false},"author":1,"featured_media":0,"parent":0,"menu_order":0,"comment_status":"closed","ping_status":"closed","template":"","meta":{"rank_math_lock_modified_date":false,"footnotes":""},"class_list":["post-7660","page","type-page","status-publish","hentry"],"_links":{"self":[{"href":"https:\/\/staging.rubrails-tessilmare.com\/fr\/wp-json\/wp\/v2\/pages\/7660"}],"collection":[{"href":"https:\/\/staging.rubrails-tessilmare.com\/fr\/wp-json\/wp\/v2\/pages"}],"about":[{"href":"https:\/\/staging.rubrails-tessilmare.com\/fr\/wp-json\/wp\/v2\/types\/page"}],"author":[{"embeddable":true,"href":"https:\/\/staging.rubrails-tessilmare.com\/fr\/wp-json\/wp\/v2\/users\/1"}],"replies":[{"embeddable":true,"href":"https:\/\/staging.rubrails-tessilmare.com\/fr\/wp-json\/wp\/v2\/comments?post=7660"}],"version-history":[{"count":11,"href":"https:\/\/staging.rubrails-tessilmare.com\/fr\/wp-json\/wp\/v2\/pages\/7660\/revisions"}],"predecessor-version":[{"id":9252,"href":"https:\/\/staging.rubrails-tessilmare.com\/fr\/wp-json\/wp\/v2\/pages\/7660\/revisions\/9252"}],"wp:attachment":[{"href":"https:\/\/staging.rubrails-tessilmare.com\/fr\/wp-json\/wp\/v2\/media?parent=7660"}],"curies":[{"name":"wp","href":"https:\/\/api.w.org\/{rel}","templated":true}]}}