{"id":7464,"date":"2023-02-02T10:14:18","date_gmt":"2023-02-02T09:14:18","guid":{"rendered":"https:\/\/rubrails-tessilmare.com\/boat-rub-rails\/qbe\/"},"modified":"2025-05-29T15:02:05","modified_gmt":"2025-05-29T13:02:05","slug":"qbe","status":"publish","type":"page","link":"https:\/\/staging.rubrails-tessilmare.com\/fr\/listons-para-battage\/qbe\/","title":{"rendered":"QBE"},"content":{"rendered":"\n<style type=\"text\/css\" data-created_by=\"avia_inline_auto\" id=\"style-css-av-oavjn6-43e4e2ccccc1a5ddce71222729d5296e\">\n.flex_column.av-oavjn6-43e4e2ccccc1a5ddce71222729d5296e{\nborder-radius:0px 0px 0px 0px;\npadding:0px 0px 0px 0px;\n}\n<\/style>\n<div  class='flex_column av-oavjn6-43e4e2ccccc1a5ddce71222729d5296e av_one_full  avia-builder-el-0  el_before_av_one_full  avia-builder-el-first  first flex_column_div av-zero-column-padding  '     ><p>\n<style type=\"text\/css\" data-created_by=\"avia_inline_auto\" id=\"style-css-av-ld4mkix1-3eb08754405e81878c69dac0b79ad898\">\n#top .av-special-heading.av-ld4mkix1-3eb08754405e81878c69dac0b79ad898{\npadding-bottom:0;\n}\nbody .av-special-heading.av-ld4mkix1-3eb08754405e81878c69dac0b79ad898 .av-special-heading-tag .heading-char{\nfont-size:25px;\n}\n.av-special-heading.av-ld4mkix1-3eb08754405e81878c69dac0b79ad898 .av-subheading{\nfont-size:15px;\n}\n<\/style>\n<div  class='av-special-heading av-ld4mkix1-3eb08754405e81878c69dac0b79ad898 av-special-heading-h1 blockquote modern-quote modern-centered  avia-builder-el-1  el_before_av_heading  avia-builder-el-first '><h1 class='av-special-heading-tag '  itemprop=\"headline\"  >LISTON PARE-BATTAGE DE BATEAU &#8211; QBE<\/h1><div class=\"special-heading-border\"><div class=\"special-heading-inner-border\"><\/div><\/div><\/div><br \/>\n\n<style type=\"text\/css\" data-created_by=\"avia_inline_auto\" id=\"style-css-av-ld4njbz0-5e7d8912d9525565d7fb00d258509167\">\n#top .av-special-heading.av-ld4njbz0-5e7d8912d9525565d7fb00d258509167{\npadding-bottom:0;\nfont-size:20px;\n}\nbody .av-special-heading.av-ld4njbz0-5e7d8912d9525565d7fb00d258509167 .av-special-heading-tag .heading-char{\nfont-size:25px;\n}\n#top #wrap_all .av-special-heading.av-ld4njbz0-5e7d8912d9525565d7fb00d258509167 .av-special-heading-tag{\nfont-size:20px;\n}\n.av-special-heading.av-ld4njbz0-5e7d8912d9525565d7fb00d258509167 .av-subheading{\nfont-size:15px;\n}\n\n@media only screen and (min-width: 480px) and (max-width: 767px){ \n#top #wrap_all .av-special-heading.av-ld4njbz0-5e7d8912d9525565d7fb00d258509167 .av-special-heading-tag{\nfont-size:0.8em;\n}\n}\n\n@media only screen and (max-width: 479px){ \n#top #wrap_all .av-special-heading.av-ld4njbz0-5e7d8912d9525565d7fb00d258509167 .av-special-heading-tag{\nfont-size:0.8em;\n}\n}\n<\/style>\n<div  class='av-special-heading av-ld4njbz0-5e7d8912d9525565d7fb00d258509167 av-special-heading-h2 blockquote modern-quote modern-centered  avia-builder-el-2  el_after_av_heading  el_before_av_hr  av-inherit-size'><h2 class='av-special-heading-tag '  itemprop=\"headline\"  >QBE est la derni\u00e8re innovation de Tessilmare : une toute nouvelle main courante carr\u00e9e robuste, id\u00e9ale pour les bateaux \u00e0 jonctions encastr\u00e9es et sandwich.<\/h2><div class=\"special-heading-border\"><div class=\"special-heading-inner-border\"><\/div><\/div><\/div><br \/>\n\n<style type=\"text\/css\" data-created_by=\"avia_inline_auto\" id=\"style-css-av-mm2476-791814fe3a553dd088e0e6e53d6f7b26\">\n#top .hr.av-mm2476-791814fe3a553dd088e0e6e53d6f7b26{\nmargin-top:5px;\nmargin-bottom:10px;\n}\n.hr.av-mm2476-791814fe3a553dd088e0e6e53d6f7b26 .hr-inner{\nwidth:7%;\nborder-color:#15354e;\n}\n<\/style>\n<div  class='hr av-mm2476-791814fe3a553dd088e0e6e53d6f7b26 hr-custom  avia-builder-el-3  el_after_av_heading  avia-builder-el-last  hr-center hr-icon-no'><span class='hr-inner inner-border-av-border-fat'><span class=\"hr-inner-style\"><\/span><\/span><\/div><\/p><\/div>\n<style type=\"text\/css\" data-created_by=\"avia_inline_auto\" id=\"style-css-av-inddcy-cb066d6c8f5dcbc116709fbf6601d7c1\">\n.flex_column.av-inddcy-cb066d6c8f5dcbc116709fbf6601d7c1{\nborder-radius:0px 0px 0px 0px;\npadding:0px 0px 0px 0px;\n}\n<\/style>\n<div  class='flex_column av-inddcy-cb066d6c8f5dcbc116709fbf6601d7c1 av_one_full  avia-builder-el-4  el_after_av_one_full  el_before_av_hr  first flex_column_div av-zero-column-padding  column-top-margin'     ><p><section  class='av_textblock_section av-ldmuic7s-ca8acab26b9a3dd59eb1281581c102f0 '   itemscope=\"itemscope\" itemtype=\"https:\/\/schema.org\/CreativeWork\" ><div class='avia_textblock'  itemprop=\"text\" ><p>Son <strong>design innovant<\/strong> offre \u00e0 <strong>QBE<\/strong> une <strong>haute protection<\/strong> contre les chocs et le rend adapt\u00e9 aux bateaux de loisirs, commerciaux et militaires.<\/p>\n<p>Gr\u00e2ce \u00e0 son design brevet\u00e9 en deux parties, il peut \u00eatre facilement pli\u00e9. Il est d\u00e9coup\u00e9 sur mesure pour \u00e9viter le gaspillage et permettre une <strong>installation facile<\/strong>, \u00e9vitant les jonctions. Une fois la base fix\u00e9e au bateau, le dessus peut \u00eatre simplement fix\u00e9 par pression.<\/p>\n<p>Aucune vis et\/ou rivet ne peut \u00eatre vu et\/ou endommager les bateaux en cas d&rsquo;impacts.<\/p>\n<p>Le mat\u00e9riau PVC dont est fait Qbe ne laissera aucune trace de sa couleur sur les autres surfaces.<\/p>\n<p>La modularit\u00e9 de Qbe permet de remplacer l&rsquo;une des deux parties au fil du temps, indiff\u00e9remment.<\/p>\n<p>Qbe a un <strong>style contemporain<\/strong> et un <strong>aspect sans couture.<\/strong><\/p>\n<\/div><\/section><br \/>\n<div id='av-masonry-1' class='av-masonry av-ldmv77v4-26499d3371d9336f3039b9c5b1bc0d8c noHover av-fixed-size av-1px-gap av-hover-overlay-active av-masonry-animation-active av-masonry-col-3 av-caption-on-hover av-caption-style-overlay av-masonry-gallery av-medium-columns-overwrite av-medium-columns-3 av-orientation-square ' data-post_id=\"7464\"><div class=\"av-masonry-container isotope av-js-disabled\"><div class='av-masonry-entry isotope-item av-masonry-item-no-image '><\/div><a href=\"https:\/\/staging.rubrails-tessilmare.com\/fr\/qbe-65\/\"  aria-label=\"image Qbe 65 orange\"  target=\"_blank\" rel=\"noopener noreferrer\" id='av-masonry-1-item-7231' data-av-masonry-item='7231' class='av-masonry-entry isotope-item post-7231 attachment type-attachment status-inherit hentry  av-masonry-item-with-image' title=\"Qbe 65 orange\" alt=\"\"  data-av-masonry-custom-link=\"https:\/\/staging.rubrails-tessilmare.com\/fr\/qbe-65\/\"  itemprop=\"thumbnailUrl\" ><div class='av-inner-masonry-sizer'><\/div><figure class='av-inner-masonry main_color'><div class=\"av-masonry-outerimage-container\"><div class='av-masonry-image-container lazyload' style=\"background-image:inherit;\"  title=\"Qbe 65 orange\"  data-bg-image=\"url(https:\/\/staging.rubrails-tessilmare.com\/wp-content\/uploads\/2023\/02\/Qbe-65-orange-1-705x621.png)\"><\/div><\/div><figcaption class='av-inner-masonry-content site-background'><div class='av-inner-masonry-content-pos'><div class='av-inner-masonry-content-pos-content'><div class='avia-arrow'><\/div><div class='av-masonry-entry-content entry-content'  itemprop=\"text\" >Qbe 65<\/div><\/div><\/div><\/figcaption><\/figure><\/a><!--end av-masonry entry--><a href=\"https:\/\/staging.rubrails-tessilmare.com\/fr\/qbe-90\/\"  aria-label=\"image Qbe 90 orange\"  target=\"_blank\" rel=\"noopener noreferrer\" id='av-masonry-1-item-7232' data-av-masonry-item='7232' class='av-masonry-entry isotope-item post-7232 attachment type-attachment status-inherit hentry  av-masonry-item-with-image' title=\"Qbe 90 orange\" alt=\"\"  data-av-masonry-custom-link=\"https:\/\/staging.rubrails-tessilmare.com\/fr\/qbe-90\/\"  itemprop=\"thumbnailUrl\" ><div class='av-inner-masonry-sizer'><\/div><figure class='av-inner-masonry main_color'><div class=\"av-masonry-outerimage-container\"><div class='av-masonry-image-container lazyload' style=\"background-image:inherit;\"  title=\"Qbe 90 orange\"  data-bg-image=\"url(https:\/\/staging.rubrails-tessilmare.com\/wp-content\/uploads\/2023\/02\/Qbe-90-orange-1-705x621.png)\"><\/div><\/div><figcaption class='av-inner-masonry-content site-background'><div class='av-inner-masonry-content-pos'><div class='av-inner-masonry-content-pos-content'><div class='avia-arrow'><\/div><div class='av-masonry-entry-content entry-content'  itemprop=\"text\" >Qbe 90<\/div><\/div><\/div><\/figcaption><\/figure><\/a><!--end av-masonry entry--><\/div><\/div><\/p><\/div>\n<style type=\"text\/css\" data-created_by=\"avia_inline_auto\" id=\"style-css-av-kbwapu-f4a2279ab67c285a4227ff02880fb2ff\">\n#top .hr.hr-invisible.av-kbwapu-f4a2279ab67c285a4227ff02880fb2ff{\nheight:5px;\n}\n<\/style>\n<div  class='hr av-kbwapu-f4a2279ab67c285a4227ff02880fb2ff hr-invisible  avia-builder-el-7  el_after_av_one_full  avia-builder-el-last '><span class='hr-inner '><span class=\"hr-inner-style\"><\/span><\/span><\/div><\/p>\n","protected":false},"excerpt":{"rendered":"","protected":false},"author":2,"featured_media":0,"parent":7408,"menu_order":0,"comment_status":"closed","ping_status":"closed","template":"","meta":{"rank_math_lock_modified_date":false,"footnotes":""},"class_list":["post-7464","page","type-page","status-publish","hentry","tag_pagina-boat-bow-guard","tag_pagina-boat-bow-rails","tag_pagina-boat-bumper-rail","tag_pagina-boat-bumpers","tag_pagina-boat-fenders","tag_pagina-boat-side-rails","tag_pagina-rub-rail","tag_pagina-rub-rail-kit","tag_pagina-rubber-boat-bumpers"],"_links":{"self":[{"href":"https:\/\/staging.rubrails-tessilmare.com\/fr\/wp-json\/wp\/v2\/pages\/7464"}],"collection":[{"href":"https:\/\/staging.rubrails-tessilmare.com\/fr\/wp-json\/wp\/v2\/pages"}],"about":[{"href":"https:\/\/staging.rubrails-tessilmare.com\/fr\/wp-json\/wp\/v2\/types\/page"}],"author":[{"embeddable":true,"href":"https:\/\/staging.rubrails-tessilmare.com\/fr\/wp-json\/wp\/v2\/users\/2"}],"replies":[{"embeddable":true,"href":"https:\/\/staging.rubrails-tessilmare.com\/fr\/wp-json\/wp\/v2\/comments?post=7464"}],"version-history":[{"count":10,"href":"https:\/\/staging.rubrails-tessilmare.com\/fr\/wp-json\/wp\/v2\/pages\/7464\/revisions"}],"predecessor-version":[{"id":9233,"href":"https:\/\/staging.rubrails-tessilmare.com\/fr\/wp-json\/wp\/v2\/pages\/7464\/revisions\/9233"}],"up":[{"embeddable":true,"href":"https:\/\/staging.rubrails-tessilmare.com\/fr\/wp-json\/wp\/v2\/pages\/7408"}],"wp:attachment":[{"href":"https:\/\/staging.rubrails-tessilmare.com\/fr\/wp-json\/wp\/v2\/media?parent=7464"}],"curies":[{"name":"wp","href":"https:\/\/api.w.org\/{rel}","templated":true}]}}