{"id":7424,"date":"2017-07-19T16:33:38","date_gmt":"2017-07-19T14:33:38","guid":{"rendered":"https:\/\/rubrails-tessilmare.com\/who-we-are\/"},"modified":"2025-05-05T17:38:12","modified_gmt":"2025-05-05T15:38:12","slug":"who-we-are","status":"publish","type":"page","link":"https:\/\/staging.rubrails-tessilmare.com\/fr\/who-we-are\/","title":{"rendered":"Qui sommes-nous"},"content":{"rendered":"\n<style type=\"text\/css\" data-created_by=\"avia_inline_auto\" id=\"style-css-av-77e40-2448fbe5a8fbd5adf15b251415b46258\">\n.flex_column.av-77e40-2448fbe5a8fbd5adf15b251415b46258{\nborder-radius:0px 0px 0px 0px;\npadding:0px 0px 0px 0px;\n}\n<\/style>\n<div  class='flex_column av-77e40-2448fbe5a8fbd5adf15b251415b46258 av_one_full  avia-builder-el-0  el_before_av_hr  avia-builder-el-first  first flex_column_div av-zero-column-padding  '     ><p>\n<style type=\"text\/css\" data-created_by=\"avia_inline_auto\" id=\"style-css-av-73264-7f11b179385e5b783e4f6fee8ef83db1\">\n#top .av-special-heading.av-73264-7f11b179385e5b783e4f6fee8ef83db1{\npadding-bottom:0;\n}\nbody .av-special-heading.av-73264-7f11b179385e5b783e4f6fee8ef83db1 .av-special-heading-tag .heading-char{\nfont-size:25px;\n}\n.av-special-heading.av-73264-7f11b179385e5b783e4f6fee8ef83db1 .av-subheading{\nfont-size:15px;\n}\n<\/style>\n<div  class='av-special-heading av-73264-7f11b179385e5b783e4f6fee8ef83db1 av-special-heading-h1 blockquote modern-quote modern-centered  avia-builder-el-1  el_before_av_hr  avia-builder-el-first '><h1 class='av-special-heading-tag '  itemprop=\"headline\"  >QUI SOMMES-NOUS<\/h1><div class=\"special-heading-border\"><div class=\"special-heading-inner-border\"><\/div><\/div><\/div><br \/>\n\n<style type=\"text\/css\" data-created_by=\"avia_inline_auto\" id=\"style-css-av-6asvw-fd9d26c834422d3fb47b48f2ab5e03f5\">\n#top .hr.av-6asvw-fd9d26c834422d3fb47b48f2ab5e03f5{\nmargin-top:5px;\nmargin-bottom:10px;\n}\n.hr.av-6asvw-fd9d26c834422d3fb47b48f2ab5e03f5 .hr-inner{\nwidth:7%;\nborder-color:#15354e;\n}\n<\/style>\n<div  class='hr av-6asvw-fd9d26c834422d3fb47b48f2ab5e03f5 hr-custom  avia-builder-el-2  el_after_av_heading  avia-builder-el-last  hr-center hr-icon-no'><span class='hr-inner inner-border-av-border-fat'><span class=\"hr-inner-style\"><\/span><\/span><\/div><\/p><\/div>\n\n<style type=\"text\/css\" data-created_by=\"avia_inline_auto\" id=\"style-css-av-5pvew-24c2a53f5053a0193f4833059d494e85\">\n#top .hr.hr-invisible.av-5pvew-24c2a53f5053a0193f4833059d494e85{\nmargin-top:-30px;\nheight:1px;\n}\n<\/style>\n<div  class='hr av-5pvew-24c2a53f5053a0193f4833059d494e85 hr-invisible  avia-builder-el-3  el_after_av_one_full  el_before_av_one_third '><span class='hr-inner '><span class=\"hr-inner-style\"><\/span><\/span><\/div>\n\n<style type=\"text\/css\" data-created_by=\"avia_inline_auto\" id=\"style-css-av-54y0o-79cb8505a9e223c69008209d1924faf4\">\n.flex_column.av-54y0o-79cb8505a9e223c69008209d1924faf4{\nborder-width:1px;\nborder-color:#15354e;\nborder-style:solid;\nborder-radius:0px 0px 0px 0px;\npadding:5px 5px 5px 5px;\n}\n<\/style>\n<div  class='flex_column av-54y0o-79cb8505a9e223c69008209d1924faf4 av_one_third  avia-builder-el-4  el_after_av_hr  el_before_av_two_third  first av-break-at-tablet flex_column_div  '     ><style type=\"text\/css\" data-created_by=\"avia_inline_auto\" id=\"style-css-av-4bgd8-fd0a6d3341a3e92a18774eb1f7cc3943\">\n.avia-image-container.av-4bgd8-fd0a6d3341a3e92a18774eb1f7cc3943 img.avia_image{\nbox-shadow:none;\n}\n.avia-image-container.av-4bgd8-fd0a6d3341a3e92a18774eb1f7cc3943 .av-image-caption-overlay-center{\ncolor:#ffffff;\n}\n<\/style>\n<div  class='avia-image-container av-4bgd8-fd0a6d3341a3e92a18774eb1f7cc3943 av-styling- avia-align-center  avia-builder-el-5  avia-builder-el-no-sibling '   itemprop=\"image\" itemscope=\"itemscope\" itemtype=\"https:\/\/schema.org\/ImageObject\" ><div class=\"avia-image-container-inner\"><div class=\"avia-image-overlay-wrap\"><img decoding=\"async\" fetchpriority=\"high\" class='wp-image-7080 avia-img-lazy-loading-not-7080 avia_image ' src=\"https:\/\/staging.rubrails-tessilmare.com\/wp-content\/uploads\/2017\/07\/Tessilmare-Staff.jpg\" alt='' title='Tessilmare-Staff'  height=\"1013\" width=\"737\"  itemprop=\"thumbnailUrl\" srcset=\"https:\/\/staging.rubrails-tessilmare.com\/wp-content\/uploads\/2017\/07\/Tessilmare-Staff.jpg 737w, https:\/\/staging.rubrails-tessilmare.com\/wp-content\/uploads\/2017\/07\/Tessilmare-Staff-218x300.jpg 218w, https:\/\/staging.rubrails-tessilmare.com\/wp-content\/uploads\/2017\/07\/Tessilmare-Staff-513x705.jpg 513w, https:\/\/staging.rubrails-tessilmare.com\/wp-content\/uploads\/2017\/07\/Tessilmare-Staff-450x619.jpg 450w\" sizes=\"(max-width: 737px) 100vw, 737px\" \/><\/div><\/div><\/div><\/div>\n\n<style type=\"text\/css\" data-created_by=\"avia_inline_auto\" id=\"style-css-av-3qprg-2231e158b7064b9d1ebb2ffc296594fa\">\n.flex_column.av-3qprg-2231e158b7064b9d1ebb2ffc296594fa{\nborder-radius:0px 0px 0px 0px;\npadding:0px 0px 0px 0px;\n}\n<\/style>\n<div  class='flex_column av-3qprg-2231e158b7064b9d1ebb2ffc296594fa av_two_third  avia-builder-el-6  el_after_av_one_third  el_before_av_hr  av-break-at-tablet flex_column_div av-zero-column-padding  '     ><p>\n<style type=\"text\/css\" data-created_by=\"avia_inline_auto\" id=\"style-css-av-3jurs-611bfff55ce2af1e91af9650d782ede7\">\n#top .hr.hr-invisible.av-3jurs-611bfff55ce2af1e91af9650d782ede7{\nmargin-top:-13px;\nheight:1px;\n}\n<\/style>\n<div  class='hr av-3jurs-611bfff55ce2af1e91af9650d782ede7 hr-invisible  avia-builder-el-7  el_before_av_textblock  avia-builder-el-first '><span class='hr-inner '><span class=\"hr-inner-style\"><\/span><\/span><\/div><br \/>\n<section  class='av_textblock_section av-2umwg-25cc39366747e37ad1ba97f1f2869bae '   itemscope=\"itemscope\" itemtype=\"https:\/\/schema.org\/CreativeWork\" ><div class='avia_textblock'  itemprop=\"text\" ><p>Bienvenue chez Rub Rails Tessilmare ! Merci de prendre le temps de visiter notre site web et <a href=\"https:\/\/staging.rubrails-tessilmare.com\/fr\/boat-rub-rails\/\">la gamme exceptionnelle de Rub Rails que nous fournissons dans le monde entier<\/a>. Tessilmare est une entreprise familiale situ\u00e9e en Italie. Tessilmare se sp\u00e9cialise dans les Rub Rails depuis 1947. Nous comprenons ce que nos clients veulent, ont besoin et attendent en mati\u00e8re de Rub Rails de la plus haute qualit\u00e9.<\/p>\n<p>Chez Tessilmare, nous nous sp\u00e9cialisons dans la production uniquement des meilleurs Rub Rails de haute qualit\u00e9. Beaucoup d&rsquo;entreprises pr\u00e9f\u00e8rent se concentrer sur une grande vari\u00e9t\u00e9 de produits diff\u00e9rents, mais chez Tessilmare, nous pr\u00e9f\u00e9rons produire un nombre plus restreint de produits avec un niveau d&rsquo;exigence exceptionnel. Nous utilisons des <a href=\"https:\/\/staging.rubrails-tessilmare.com\/who-we-are\/boat-rub-rail-new-technology\/\">profils brevet\u00e9s sp\u00e9ciaux<\/a> pour offrir \u00e0 nos clients un produit excellent, parfait dans chaque d\u00e9tail et dimension. Nous avons r\u00e9volutionn\u00e9 le monde des Rub Rails, offrant aux consommateurs nautiques du monde entier une gamme compl\u00e8te de profils polyvalents et \u00e9conomiques \u00e0 port\u00e9e de main.<\/p>\n<\/div><\/section><\/p><\/div>\n<style type=\"text\/css\" data-created_by=\"avia_inline_auto\" id=\"style-css-av-2d3ko-20d2b19df7e5e08076d8eb387ea9ffde\">\n#top .hr.hr-invisible.av-2d3ko-20d2b19df7e5e08076d8eb387ea9ffde{\nmargin-top:-20px;\nheight:1px;\n}\n<\/style>\n<div  class='hr av-2d3ko-20d2b19df7e5e08076d8eb387ea9ffde hr-invisible  avia-builder-el-9  el_after_av_two_third  el_before_av_one_full '><span class='hr-inner '><span class=\"hr-inner-style\"><\/span><\/span><\/div><\/p>\n\n<style type=\"text\/css\" data-created_by=\"avia_inline_auto\" id=\"style-css-av-5lds-6e21b4059e8342f07115565cfd567acc\">\n.flex_column.av-5lds-6e21b4059e8342f07115565cfd567acc{\nborder-radius:0px 0px 0px 0px;\npadding:0px 0px 0px 0px;\n}\n<\/style>\n<div  class='flex_column av-5lds-6e21b4059e8342f07115565cfd567acc av_one_full  avia-builder-el-10  el_after_av_hr  avia-builder-el-last  first flex_column_div av-zero-column-padding  '     ><section  class='av_textblock_section av-ykik-6374a57f6d8842785d9c614f8a20de47 '   itemscope=\"itemscope\" itemtype=\"https:\/\/schema.org\/CreativeWork\" ><div class='avia_textblock'  itemprop=\"text\" ><p>Bienvenue chez Rub Rails Tessilmare ! Merci de prendre le temps de visiter notre site web et <a href=\"https:\/\/staging.rubrails-tessilmare.com\/fr\/boat-rub-rails\/\">la gamme exceptionnelle de Rub Rails que nous fournissons dans le monde entier<\/a>. Tessilmare est une entreprise familiale situ\u00e9e en Italie. Tessilmare se sp\u00e9cialise dans les Rub Rails depuis 1947. Nous comprenons ce que nos clients veulent, ont besoin et attendent en mati\u00e8re de Rub Rails de la plus haute qualit\u00e9.<\/p>\n<p>Chez Tessilmare, nous nous sp\u00e9cialisons dans la production uniquement des meilleurs Rub Rails de haute qualit\u00e9. Beaucoup d&rsquo;entreprises pr\u00e9f\u00e8rent se concentrer sur une grande vari\u00e9t\u00e9 de produits diff\u00e9rents, mais chez Tessilmare, nous pr\u00e9f\u00e9rons produire un nombre plus restreint de produits avec un niveau d&rsquo;exigence exceptionnel. Nous utilisons des <a href=\"https:\/\/staging.rubrails-tessilmare.com\/who-we-are\/boat-rub-rail-new-technology\/\">profils brevet\u00e9s sp\u00e9ciaux<\/a> pour offrir \u00e0 nos clients un produit excellent, parfait dans chaque d\u00e9tail et dimension. Nous avons r\u00e9volutionn\u00e9 le monde des Rub Rails, offrant aux consommateurs nautiques du monde entier une gamme compl\u00e8te de profils polyvalents et \u00e9conomiques \u00e0 port\u00e9e de main.<\/p>\n<\/div><\/section><\/div>\n","protected":false},"excerpt":{"rendered":"","protected":false},"author":1,"featured_media":0,"parent":0,"menu_order":0,"comment_status":"closed","ping_status":"closed","template":"","meta":{"rank_math_lock_modified_date":false,"footnotes":""},"class_list":["post-7424","page","type-page","status-publish","hentry"],"_links":{"self":[{"href":"https:\/\/staging.rubrails-tessilmare.com\/fr\/wp-json\/wp\/v2\/pages\/7424"}],"collection":[{"href":"https:\/\/staging.rubrails-tessilmare.com\/fr\/wp-json\/wp\/v2\/pages"}],"about":[{"href":"https:\/\/staging.rubrails-tessilmare.com\/fr\/wp-json\/wp\/v2\/types\/page"}],"author":[{"embeddable":true,"href":"https:\/\/staging.rubrails-tessilmare.com\/fr\/wp-json\/wp\/v2\/users\/1"}],"replies":[{"embeddable":true,"href":"https:\/\/staging.rubrails-tessilmare.com\/fr\/wp-json\/wp\/v2\/comments?post=7424"}],"version-history":[{"count":3,"href":"https:\/\/staging.rubrails-tessilmare.com\/fr\/wp-json\/wp\/v2\/pages\/7424\/revisions"}],"predecessor-version":[{"id":7474,"href":"https:\/\/staging.rubrails-tessilmare.com\/fr\/wp-json\/wp\/v2\/pages\/7424\/revisions\/7474"}],"wp:attachment":[{"href":"https:\/\/staging.rubrails-tessilmare.com\/fr\/wp-json\/wp\/v2\/media?parent=7424"}],"curies":[{"name":"wp","href":"https:\/\/api.w.org\/{rel}","templated":true}]}}